{"id":554,"date":"2023-11-28T13:25:12","date_gmt":"2023-11-28T13:25:12","guid":{"rendered":"https:\/\/paymall-warenhandel.de\/mentions-legales\/"},"modified":"2024-07-03T08:24:53","modified_gmt":"2024-07-03T08:24:53","slug":"mentions-legales","status":"publish","type":"page","link":"https:\/\/paymall.lu\/fr\/mentions-legales\/","title":{"rendered":"Mentions l\u00e9gales"},"content":{"rendered":"<h2><strong>Mentions l\u00e9gales<\/strong><\/h2>\n<p>Informations conform\u00e9ment au \u00a7 5 TMG<\/p>\n<p><strong>Paymall Luxembourg s.\u00e0r.l.<br \/>\n10, Gi\u00e4llewee<br \/>\nL-9749 Fischbach (Clervaux)<br \/>\nLuxembourg<\/strong><\/p>\n<p><strong>Repr\u00e9sent\u00e9 par :<\/strong><br \/>\nMichael Unger<\/p>\n<p><strong>Pr\u00e9sident du conseil de surveillance :<\/strong><br \/>\nMichael Unger<\/p>\n<p><strong>Contact<\/strong><br \/>\nTelefon: <a href=\"tel:+35227522860\">+35227522860<\/a><br \/>\nE-Mail: <a href=\"&#x6d;&#x61;&#105;&#108;t&#x6f;&#x3a;&#x69;&#110;fo&#x40;&#x70;&#97;&#121;m&#x61;&#x6c;&#x6c;&#46;lu\">i&#110;&#x66;&#x6f;&#64;&#112;&#x61;&#x79;m&#97;&#x6c;&#x6c;&#46;&#108;&#x75;<\/a><\/p>\n<p>Nous ne sommes pas pr\u00eats ou oblig\u00e9s de participer \u00e0 des proc\u00e9dures de r\u00e8glement des litiges devant un organisme de conciliation des consommateurs. Source : https:\/\/www.e-recht24.de\/impressum-generator.html<\/p>\n","protected":false},"excerpt":{"rendered":"<p>Mentions l\u00e9gales Informations conform\u00e9ment au \u00a7 5 TMG Paymall Luxembourg s.\u00e0r.l. 10, Gi\u00e4llewee L-9749 Fischbach (Clervaux) Luxembourg Repr\u00e9sent\u00e9 par : Michael Unger Pr\u00e9sident du conseil de surveillance : Michael Unger&#8230;<\/p>\n","protected":false},"author":1,"featured_media":0,"parent":0,"menu_order":0,"comment_status":"closed","ping_status":"closed","template":"","meta":{"_acf_changed":false,"inline_featured_image":false,"footnotes":""},"class_list":["post-554","page","type-page","status-publish"],"acf":[],"yoast_head":"<!-- This site is optimized with the Yoast SEO plugin v26.8 - https:\/\/yoast.com\/product\/yoast-seo-wordpress\/ -->\n<title>Mentions l\u00e9gales - Paymall<\/title>\n<meta name=\"robots\" content=\"index, follow, max-snippet:-1, max-image-preview:large, max-video-preview:-1\" \/>\n<link rel=\"canonical\" href=\"https:\/\/paymall.lu\/fr\/mentions-legales\/\" \/>\n<meta property=\"og:locale\" content=\"fr_FR\" \/>\n<meta property=\"og:type\" content=\"article\" \/>\n<meta property=\"og:title\" content=\"Mentions l\u00e9gales - Paymall\" \/>\n<meta property=\"og:description\" content=\"Mentions l\u00e9gales Informations conform\u00e9ment au \u00a7 5 TMG Paymall Luxembourg s.\u00e0r.l. 10, Gi\u00e4llewee L-9749 Fischbach (Clervaux) Luxembourg Repr\u00e9sent\u00e9 par : Michael Unger Pr\u00e9sident du conseil de surveillance : Michael Unger...\" \/>\n<meta property=\"og:url\" content=\"https:\/\/paymall.lu\/fr\/mentions-legales\/\" \/>\n<meta property=\"og:site_name\" content=\"Paymall\" \/>\n<meta property=\"article:modified_time\" content=\"2024-07-03T08:24:53+00:00\" \/>\n<meta name=\"twitter:card\" content=\"summary_large_image\" \/>\n<script type=\"application\/ld+json\" class=\"yoast-schema-graph\">{\"@context\":\"https:\/\/schema.org\",\"@graph\":[{\"@type\":\"WebPage\",\"@id\":\"https:\/\/paymall.lu\/fr\/mentions-legales\/\",\"url\":\"https:\/\/paymall.lu\/fr\/mentions-legales\/\",\"name\":\"Mentions l\u00e9gales - Paymall\",\"isPartOf\":{\"@id\":\"https:\/\/paymall.lu\/fr\/#website\"},\"datePublished\":\"2023-11-28T13:25:12+00:00\",\"dateModified\":\"2024-07-03T08:24:53+00:00\",\"breadcrumb\":{\"@id\":\"https:\/\/paymall.lu\/fr\/mentions-legales\/#breadcrumb\"},\"inLanguage\":\"fr-FR\",\"potentialAction\":[{\"@type\":\"ReadAction\",\"target\":[\"https:\/\/paymall.lu\/fr\/mentions-legales\/\"]}]},{\"@type\":\"BreadcrumbList\",\"@id\":\"https:\/\/paymall.lu\/fr\/mentions-legales\/#breadcrumb\",\"itemListElement\":[{\"@type\":\"ListItem\",\"position\":1,\"name\":\"Startseite\",\"item\":\"https:\/\/paymall.lu\/fr\/accueil\/\"},{\"@type\":\"ListItem\",\"position\":2,\"name\":\"Mentions l\u00e9gales\"}]},{\"@type\":\"WebSite\",\"@id\":\"https:\/\/paymall.lu\/fr\/#website\",\"url\":\"https:\/\/paymall.lu\/fr\/\",\"name\":\"Paymall\",\"description\":\"\",\"publisher\":{\"@id\":\"https:\/\/paymall.lu\/fr\/#organization\"},\"potentialAction\":[{\"@type\":\"SearchAction\",\"target\":{\"@type\":\"EntryPoint\",\"urlTemplate\":\"https:\/\/paymall.lu\/fr\/?s={search_term_string}\"},\"query-input\":{\"@type\":\"PropertyValueSpecification\",\"valueRequired\":true,\"valueName\":\"search_term_string\"}}],\"inLanguage\":\"fr-FR\"},{\"@type\":\"Organization\",\"@id\":\"https:\/\/paymall.lu\/fr\/#organization\",\"name\":\"Paymall\",\"url\":\"https:\/\/paymall.lu\/fr\/\",\"logo\":{\"@type\":\"ImageObject\",\"inLanguage\":\"fr-FR\",\"@id\":\"https:\/\/paymall.lu\/fr\/#\/schema\/logo\/image\/\",\"url\":\"https:\/\/paymall.lu\/wp-content\/uploads\/2023\/11\/pm-logo-long.svg\",\"contentUrl\":\"https:\/\/paymall.lu\/wp-content\/uploads\/2023\/11\/pm-logo-long.svg\",\"width\":339,\"height\":61,\"caption\":\"Paymall\"},\"image\":{\"@id\":\"https:\/\/paymall.lu\/fr\/#\/schema\/logo\/image\/\"}}]}<\/script>\n<!-- \/ Yoast SEO plugin. -->","yoast_head_json":{"title":"Mentions l\u00e9gales - Paymall","robots":{"index":"index","follow":"follow","max-snippet":"max-snippet:-1","max-image-preview":"max-image-preview:large","max-video-preview":"max-video-preview:-1"},"canonical":"https:\/\/paymall.lu\/fr\/mentions-legales\/","og_locale":"fr_FR","og_type":"article","og_title":"Mentions l\u00e9gales - Paymall","og_description":"Mentions l\u00e9gales Informations conform\u00e9ment au \u00a7 5 TMG Paymall Luxembourg s.\u00e0r.l. 10, Gi\u00e4llewee L-9749 Fischbach (Clervaux) Luxembourg Repr\u00e9sent\u00e9 par : Michael Unger Pr\u00e9sident du conseil de surveillance : Michael Unger...","og_url":"https:\/\/paymall.lu\/fr\/mentions-legales\/","og_site_name":"Paymall","article_modified_time":"2024-07-03T08:24:53+00:00","twitter_card":"summary_large_image","schema":{"@context":"https:\/\/schema.org","@graph":[{"@type":"WebPage","@id":"https:\/\/paymall.lu\/fr\/mentions-legales\/","url":"https:\/\/paymall.lu\/fr\/mentions-legales\/","name":"Mentions l\u00e9gales - Paymall","isPartOf":{"@id":"https:\/\/paymall.lu\/fr\/#website"},"datePublished":"2023-11-28T13:25:12+00:00","dateModified":"2024-07-03T08:24:53+00:00","breadcrumb":{"@id":"https:\/\/paymall.lu\/fr\/mentions-legales\/#breadcrumb"},"inLanguage":"fr-FR","potentialAction":[{"@type":"ReadAction","target":["https:\/\/paymall.lu\/fr\/mentions-legales\/"]}]},{"@type":"BreadcrumbList","@id":"https:\/\/paymall.lu\/fr\/mentions-legales\/#breadcrumb","itemListElement":[{"@type":"ListItem","position":1,"name":"Startseite","item":"https:\/\/paymall.lu\/fr\/accueil\/"},{"@type":"ListItem","position":2,"name":"Mentions l\u00e9gales"}]},{"@type":"WebSite","@id":"https:\/\/paymall.lu\/fr\/#website","url":"https:\/\/paymall.lu\/fr\/","name":"Paymall","description":"","publisher":{"@id":"https:\/\/paymall.lu\/fr\/#organization"},"potentialAction":[{"@type":"SearchAction","target":{"@type":"EntryPoint","urlTemplate":"https:\/\/paymall.lu\/fr\/?s={search_term_string}"},"query-input":{"@type":"PropertyValueSpecification","valueRequired":true,"valueName":"search_term_string"}}],"inLanguage":"fr-FR"},{"@type":"Organization","@id":"https:\/\/paymall.lu\/fr\/#organization","name":"Paymall","url":"https:\/\/paymall.lu\/fr\/","logo":{"@type":"ImageObject","inLanguage":"fr-FR","@id":"https:\/\/paymall.lu\/fr\/#\/schema\/logo\/image\/","url":"https:\/\/paymall.lu\/wp-content\/uploads\/2023\/11\/pm-logo-long.svg","contentUrl":"https:\/\/paymall.lu\/wp-content\/uploads\/2023\/11\/pm-logo-long.svg","width":339,"height":61,"caption":"Paymall"},"image":{"@id":"https:\/\/paymall.lu\/fr\/#\/schema\/logo\/image\/"}}]}},"_links":{"self":[{"href":"https:\/\/paymall.lu\/fr\/wp-json\/wp\/v2\/pages\/554","targetHints":{"allow":["GET"]}}],"collection":[{"href":"https:\/\/paymall.lu\/fr\/wp-json\/wp\/v2\/pages"}],"about":[{"href":"https:\/\/paymall.lu\/fr\/wp-json\/wp\/v2\/types\/page"}],"author":[{"embeddable":true,"href":"https:\/\/paymall.lu\/fr\/wp-json\/wp\/v2\/users\/1"}],"replies":[{"embeddable":true,"href":"https:\/\/paymall.lu\/fr\/wp-json\/wp\/v2\/comments?post=554"}],"version-history":[{"count":0,"href":"https:\/\/paymall.lu\/fr\/wp-json\/wp\/v2\/pages\/554\/revisions"}],"wp:attachment":[{"href":"https:\/\/paymall.lu\/fr\/wp-json\/wp\/v2\/media?parent=554"}],"curies":[{"name":"wp","href":"https:\/\/api.w.org\/{rel}","templated":true}]}}